{"id":1532,"date":"2025-10-30T16:20:58","date_gmt":"2025-10-30T15:20:58","guid":{"rendered":"https:\/\/www.appon.cloud\/?page_id=1532"},"modified":"2025-11-24T11:43:57","modified_gmt":"2025-11-24T10:43:57","slug":"o-nas","status":"publish","type":"page","link":"https:\/\/www.appon.cloud\/cs\/o-nas\/","title":{"rendered":"O n\u00e1s"},"content":{"rendered":"\n<h2 class=\"wp-block-heading\">Cloud s adresou \u2013 v\u00edte, kde jsou va\u0161e data<\/h2>\n\n\n\n<p>Na rozd\u00edl od glob\u00e1ln\u00edch poskytovatel\u016f v\u00e1m garantujeme <strong>konkr\u00e9tn\u00ed fyzick\u00e9 um\u00edst\u011bn\u00ed server\u016f<\/strong> v \u010cesk\u00e9 republice. P\u0159\u00edstup k nim maj\u00ed pouze <strong>bezpe\u010dnostn\u011b prov\u011b\u0159en\u00ed technici<\/strong>, co\u017e zaji\u0161\u0165uje maxim\u00e1ln\u00ed ochranu va\u0161ich dat. Fyzick\u00fd p\u0159\u00edstup klient\u016fm neposkytujeme \u2013 bezpe\u010dnost je pro n\u00e1s prioritou.<\/p>\n\n\n\n<p>P\u0159\u00edstup k server\u016fm maj\u00ed pouze <strong>speci\u00e1ln\u011b prov\u011b\u0159en\u00ed technici<\/strong>, a to v\u00fdhradn\u011b kv\u016fli ochran\u011b va\u0161ich dat. Fyzick\u00fd p\u0159\u00edstup klient\u016fm neposkytujeme \u2013 pr\u00e1v\u011b kv\u016fli maxim\u00e1ln\u00ed bezpe\u010dnosti.<br><br>Jsme dr\u017eitel\u00e9 certifikac\u00ed <strong>ISO 9001<\/strong> a <strong>ISO 27001<\/strong>.<\/p>\n\n\n\n<h2 class=\"wp-block-heading\">Pro\u010d pr\u00e1v\u011b AppOn.cloud?<\/h2>\n\n\n\n<ul class=\"wp-block-list\">\n<li>25+ let zku\u0161enost\u00ed v IT<\/li>\n\n\n\n<li>Prov\u011b\u0159eno N\u00e1rodn\u00edm bezpe\u010dnostn\u00edm \u00fa\u0159adem<\/li>\n\n\n\n<li>Profesion\u00e1ln\u00ed technick\u00e9 z\u00e1zem\u00ed a nonstop podpora<\/li>\n\n\n\n<li>Dopl\u0148kov\u00e9 slu\u017eby: Microsoft 365, VoIP, spr\u00e1va koncov\u00fdch stanic, webhosting<\/li>\n\n\n\n<li>Rychl\u00e9 z\u0159\u00edzen\u00ed slu\u017eby, flexibilita a \u0161k\u00e1lovatelnost<\/li>\n<\/ul>\n\n\n\n<p><\/p>\n","protected":false},"excerpt":{"rendered":"<p>Cloud s adresou \u2013 v\u00edte, kde jsou va\u0161e data Na rozd\u00edl od glob\u00e1ln\u00edch poskytovatel\u016f v\u00e1m garantujeme konkr\u00e9tn\u00ed fyzick\u00e9 um\u00edst\u011bn\u00ed server\u016f v \u010cesk\u00e9 republice. P\u0159\u00edstup k nim maj\u00ed pouze bezpe\u010dnostn\u011b prov\u011b\u0159en\u00ed technici, co\u017e zaji\u0161\u0165uje maxim\u00e1ln\u00ed ochranu va\u0161ich dat. Fyzick\u00fd p\u0159\u00edstup klient\u016fm neposkytujeme \u2013 bezpe\u010dnost je pro n\u00e1s prioritou. P\u0159\u00edstup k server\u016fm maj\u00ed pouze speci\u00e1ln\u011b prov\u011b\u0159en\u00ed technici, [&hellip;]<\/p>\n","protected":false},"author":5,"featured_media":0,"parent":0,"menu_order":12,"comment_status":"closed","ping_status":"closed","template":"","meta":{"footnotes":""},"application_category":[],"class_list":["post-1532","page","type-page","status-publish","hentry"],"yoast_head":"<!-- This site is optimized with the Yoast SEO plugin v27.2 - https:\/\/yoast.com\/product\/yoast-seo-wordpress\/ -->\n<title>O n\u00e1s - AppOn.cloud<\/title>\n<meta name=\"robots\" content=\"index, follow, max-snippet:-1, max-image-preview:large, max-video-preview:-1\" \/>\n<link rel=\"canonical\" href=\"https:\/\/www.appon.cloud\/cs\/o-nas\/\" \/>\n<meta property=\"og:locale\" content=\"cs_CZ\" \/>\n<meta property=\"og:type\" content=\"article\" \/>\n<meta property=\"og:title\" content=\"O n\u00e1s - AppOn.cloud\" \/>\n<meta property=\"og:description\" content=\"Cloud s adresou \u2013 v\u00edte, kde jsou va\u0161e data Na rozd\u00edl od glob\u00e1ln\u00edch poskytovatel\u016f v\u00e1m garantujeme konkr\u00e9tn\u00ed fyzick\u00e9 um\u00edst\u011bn\u00ed server\u016f v \u010cesk\u00e9 republice. P\u0159\u00edstup k nim maj\u00ed pouze bezpe\u010dnostn\u011b prov\u011b\u0159en\u00ed technici, co\u017e zaji\u0161\u0165uje maxim\u00e1ln\u00ed ochranu va\u0161ich dat. Fyzick\u00fd p\u0159\u00edstup klient\u016fm neposkytujeme \u2013 bezpe\u010dnost je pro n\u00e1s prioritou. P\u0159\u00edstup k server\u016fm maj\u00ed pouze speci\u00e1ln\u011b prov\u011b\u0159en\u00ed technici, [&hellip;]\" \/>\n<meta property=\"og:url\" content=\"https:\/\/www.appon.cloud\/cs\/o-nas\/\" \/>\n<meta property=\"og:site_name\" content=\"AppOn.cloud\" \/>\n<meta property=\"article:modified_time\" content=\"2025-11-24T10:43:57+00:00\" \/>\n<meta property=\"og:image\" content=\"https:\/\/www.appon.cloud\/wp-content\/uploads\/2025\/11\/apponcloud-logo-1000x1000-001.jpg\" \/>\n\t<meta property=\"og:image:width\" content=\"1000\" \/>\n\t<meta property=\"og:image:height\" content=\"1000\" \/>\n\t<meta property=\"og:image:type\" content=\"image\/jpeg\" \/>\n<meta name=\"twitter:card\" content=\"summary_large_image\" \/>\n<meta name=\"twitter:label1\" content=\"Odhadovan\u00e1 doba \u010dten\u00ed\" \/>\n\t<meta name=\"twitter:data1\" content=\"1 minuta\" \/>\n<script type=\"application\/ld+json\" class=\"yoast-schema-graph\">{\"@context\":\"https:\/\/schema.org\",\"@graph\":[{\"@type\":\"WebPage\",\"@id\":\"https:\/\/www.appon.cloud\/cs\/o-nas\/\",\"url\":\"https:\/\/www.appon.cloud\/cs\/o-nas\/\",\"name\":\"O n\u00e1s - AppOn.cloud\",\"isPartOf\":{\"@id\":\"https:\/\/www.appon.cloud\/cs\/#website\"},\"datePublished\":\"2025-10-30T15:20:58+00:00\",\"dateModified\":\"2025-11-24T10:43:57+00:00\",\"breadcrumb\":{\"@id\":\"https:\/\/www.appon.cloud\/cs\/o-nas\/#breadcrumb\"},\"inLanguage\":\"cs\",\"potentialAction\":[{\"@type\":\"ReadAction\",\"target\":[\"https:\/\/www.appon.cloud\/cs\/o-nas\/\"]}]},{\"@type\":\"BreadcrumbList\",\"@id\":\"https:\/\/www.appon.cloud\/cs\/o-nas\/#breadcrumb\",\"itemListElement\":[{\"@type\":\"ListItem\",\"position\":1,\"name\":\"Dom\u016f\",\"item\":\"https:\/\/www.appon.cloud\/cs\/\"},{\"@type\":\"ListItem\",\"position\":2,\"name\":\"O n\u00e1s\"}]},{\"@type\":\"WebSite\",\"@id\":\"https:\/\/www.appon.cloud\/cs\/#website\",\"url\":\"https:\/\/www.appon.cloud\/cs\/\",\"name\":\"AppOn.Cloud - cloud, kter\u00fd se p\u0159izp\u016fsob\u00ed v\u00e1m\",\"description\":\"\u010cesk\u00fd cloud, kter\u00fd se p\u0159izp\u016fsob\u00ed va\u0161emu podnik\u00e1n\u00ed\",\"publisher\":{\"@id\":\"https:\/\/www.appon.cloud\/cs\/#organization\"},\"potentialAction\":[{\"@type\":\"SearchAction\",\"target\":{\"@type\":\"EntryPoint\",\"urlTemplate\":\"https:\/\/www.appon.cloud\/cs\/?s={search_term_string}\"},\"query-input\":{\"@type\":\"PropertyValueSpecification\",\"valueRequired\":true,\"valueName\":\"search_term_string\"}}],\"inLanguage\":\"cs\"},{\"@type\":\"Organization\",\"@id\":\"https:\/\/www.appon.cloud\/cs\/#organization\",\"name\":\"AppOn.Cloud - cloud, kter\u00fd se p\u0159izp\u016fsob\u00ed v\u00e1m\",\"url\":\"https:\/\/www.appon.cloud\/cs\/\",\"logo\":{\"@type\":\"ImageObject\",\"inLanguage\":\"cs\",\"@id\":\"https:\/\/www.appon.cloud\/cs\/#\/schema\/logo\/image\/\",\"url\":\"https:\/\/www.appon.cloud\/wp-content\/uploads\/2024\/04\/Apponcloud-logo.svg\",\"contentUrl\":\"https:\/\/www.appon.cloud\/wp-content\/uploads\/2024\/04\/Apponcloud-logo.svg\",\"width\":231,\"height\":43,\"caption\":\"AppOn.Cloud - cloud, kter\u00fd se p\u0159izp\u016fsob\u00ed v\u00e1m\"},\"image\":{\"@id\":\"https:\/\/www.appon.cloud\/cs\/#\/schema\/logo\/image\/\"}}]}<\/script>\n<!-- \/ Yoast SEO plugin. -->","yoast_head_json":{"title":"O n\u00e1s - AppOn.cloud","robots":{"index":"index","follow":"follow","max-snippet":"max-snippet:-1","max-image-preview":"max-image-preview:large","max-video-preview":"max-video-preview:-1"},"canonical":"https:\/\/www.appon.cloud\/cs\/o-nas\/","og_locale":"cs_CZ","og_type":"article","og_title":"O n\u00e1s - AppOn.cloud","og_description":"Cloud s adresou \u2013 v\u00edte, kde jsou va\u0161e data Na rozd\u00edl od glob\u00e1ln\u00edch poskytovatel\u016f v\u00e1m garantujeme konkr\u00e9tn\u00ed fyzick\u00e9 um\u00edst\u011bn\u00ed server\u016f v \u010cesk\u00e9 republice. P\u0159\u00edstup k nim maj\u00ed pouze bezpe\u010dnostn\u011b prov\u011b\u0159en\u00ed technici, co\u017e zaji\u0161\u0165uje maxim\u00e1ln\u00ed ochranu va\u0161ich dat. Fyzick\u00fd p\u0159\u00edstup klient\u016fm neposkytujeme \u2013 bezpe\u010dnost je pro n\u00e1s prioritou. P\u0159\u00edstup k server\u016fm maj\u00ed pouze speci\u00e1ln\u011b prov\u011b\u0159en\u00ed technici, [&hellip;]","og_url":"https:\/\/www.appon.cloud\/cs\/o-nas\/","og_site_name":"AppOn.cloud","article_modified_time":"2025-11-24T10:43:57+00:00","og_image":[{"width":1000,"height":1000,"url":"https:\/\/www.appon.cloud\/wp-content\/uploads\/2025\/11\/apponcloud-logo-1000x1000-001.jpg","type":"image\/jpeg"}],"twitter_card":"summary_large_image","twitter_misc":{"Odhadovan\u00e1 doba \u010dten\u00ed":"1 minuta"},"schema":{"@context":"https:\/\/schema.org","@graph":[{"@type":"WebPage","@id":"https:\/\/www.appon.cloud\/cs\/o-nas\/","url":"https:\/\/www.appon.cloud\/cs\/o-nas\/","name":"O n\u00e1s - AppOn.cloud","isPartOf":{"@id":"https:\/\/www.appon.cloud\/cs\/#website"},"datePublished":"2025-10-30T15:20:58+00:00","dateModified":"2025-11-24T10:43:57+00:00","breadcrumb":{"@id":"https:\/\/www.appon.cloud\/cs\/o-nas\/#breadcrumb"},"inLanguage":"cs","potentialAction":[{"@type":"ReadAction","target":["https:\/\/www.appon.cloud\/cs\/o-nas\/"]}]},{"@type":"BreadcrumbList","@id":"https:\/\/www.appon.cloud\/cs\/o-nas\/#breadcrumb","itemListElement":[{"@type":"ListItem","position":1,"name":"Dom\u016f","item":"https:\/\/www.appon.cloud\/cs\/"},{"@type":"ListItem","position":2,"name":"O n\u00e1s"}]},{"@type":"WebSite","@id":"https:\/\/www.appon.cloud\/cs\/#website","url":"https:\/\/www.appon.cloud\/cs\/","name":"AppOn.Cloud - cloud, kter\u00fd se p\u0159izp\u016fsob\u00ed v\u00e1m","description":"\u010cesk\u00fd cloud, kter\u00fd se p\u0159izp\u016fsob\u00ed va\u0161emu podnik\u00e1n\u00ed","publisher":{"@id":"https:\/\/www.appon.cloud\/cs\/#organization"},"potentialAction":[{"@type":"SearchAction","target":{"@type":"EntryPoint","urlTemplate":"https:\/\/www.appon.cloud\/cs\/?s={search_term_string}"},"query-input":{"@type":"PropertyValueSpecification","valueRequired":true,"valueName":"search_term_string"}}],"inLanguage":"cs"},{"@type":"Organization","@id":"https:\/\/www.appon.cloud\/cs\/#organization","name":"AppOn.Cloud - cloud, kter\u00fd se p\u0159izp\u016fsob\u00ed v\u00e1m","url":"https:\/\/www.appon.cloud\/cs\/","logo":{"@type":"ImageObject","inLanguage":"cs","@id":"https:\/\/www.appon.cloud\/cs\/#\/schema\/logo\/image\/","url":"https:\/\/www.appon.cloud\/wp-content\/uploads\/2024\/04\/Apponcloud-logo.svg","contentUrl":"https:\/\/www.appon.cloud\/wp-content\/uploads\/2024\/04\/Apponcloud-logo.svg","width":231,"height":43,"caption":"AppOn.Cloud - cloud, kter\u00fd se p\u0159izp\u016fsob\u00ed v\u00e1m"},"image":{"@id":"https:\/\/www.appon.cloud\/cs\/#\/schema\/logo\/image\/"}}]}},"_links":{"self":[{"href":"https:\/\/www.appon.cloud\/cs\/wp-json\/wp\/v2\/pages\/1532","targetHints":{"allow":["GET"]}}],"collection":[{"href":"https:\/\/www.appon.cloud\/cs\/wp-json\/wp\/v2\/pages"}],"about":[{"href":"https:\/\/www.appon.cloud\/cs\/wp-json\/wp\/v2\/types\/page"}],"author":[{"embeddable":true,"href":"https:\/\/www.appon.cloud\/cs\/wp-json\/wp\/v2\/users\/5"}],"replies":[{"embeddable":true,"href":"https:\/\/www.appon.cloud\/cs\/wp-json\/wp\/v2\/comments?post=1532"}],"version-history":[{"count":7,"href":"https:\/\/www.appon.cloud\/cs\/wp-json\/wp\/v2\/pages\/1532\/revisions"}],"predecessor-version":[{"id":2451,"href":"https:\/\/www.appon.cloud\/cs\/wp-json\/wp\/v2\/pages\/1532\/revisions\/2451"}],"wp:attachment":[{"href":"https:\/\/www.appon.cloud\/cs\/wp-json\/wp\/v2\/media?parent=1532"}],"wp:term":[{"taxonomy":"application_category","embeddable":true,"href":"https:\/\/www.appon.cloud\/cs\/wp-json\/wp\/v2\/application_category?post=1532"}],"curies":[{"name":"wp","href":"https:\/\/api.w.org\/{rel}","templated":true}]}}