{"id":1538,"date":"2025-10-30T16:24:15","date_gmt":"2025-10-30T15:24:15","guid":{"rendered":"https:\/\/www.appon.cloud\/?page_id=1538"},"modified":"2025-11-04T22:59:47","modified_gmt":"2025-11-04T21:59:47","slug":"cloudova-dostupnost_dat","status":"publish","type":"page","link":"https:\/\/www.appon.cloud\/cs\/cloudova-dostupnost_dat\/","title":{"rendered":"Cloudov\u00e1 dostupnost dat"},"content":{"rendered":"\n<h2 class=\"wp-block-heading\">Co to znamen\u00e1 v praxi?<\/h2>\n\n\n\n<ul class=\"wp-block-list\">\n<li><strong>Pracovn\u00ed plocha, \u00fa\u010detn\u00ed software, ERP syst\u00e9m nebo datab\u00e1ze<\/strong> \u2013 v\u0161e m\u00e1te k dispozici bez ohledu na to, kde se pr\u00e1v\u011b nach\u00e1z\u00edte<\/li>\n\n\n\n<li><strong>Zabezpe\u010den\u00fd p\u0159\u00edstup<\/strong> \u2013 komunikace je chr\u00e1n\u011bna pomoc\u00ed <strong>TLS \u0161ifrov\u00e1n\u00ed, VPN<\/strong> a <strong>firewallu FortiGate<\/strong>, tak\u017ee i na ve\u0159ejn\u00e9 Wi-Fi z\u016fst\u00e1vaj\u00ed va\u0161e data v bezpe\u010d\u00ed<\/li>\n\n\n\n<li><strong>Dostupnost 24\/7<\/strong> \u2013 garantujeme <strong>99,9 % dostupnosti<\/strong>, tak\u017ee se m\u016f\u017eete spolehnout na stabiln\u00ed provoz bez v\u00fdpadk\u016f<\/li>\n<\/ul>\n\n\n\n<h2 class=\"wp-block-heading\">Co z\u00edsk\u00e1te s AppOn.cloud?<\/h2>\n\n\n\n<ul class=\"wp-block-list\">\n<li><strong>Lokalizovan\u00fd \u010desk\u00fd cloud<\/strong> \u2013 v\u00edte, kde jsou va\u0161e data fyzicky ulo\u017eena, co\u017e je d\u016fle\u017eit\u00e9 pro bezpe\u010dnost i legislativu<\/li>\n\n\n\n<li><strong>Rychl\u00e1 technick\u00e1 podpora<\/strong> \u2013 pokud se n\u011bco pokaz\u00ed, jsme v\u00e1m k dispozici ihned<\/li>\n\n\n\n<li><strong>Optimalizace pro mobiln\u00ed za\u0159\u00edzen\u00ed<\/strong> \u2013 na\u0161e \u0159e\u0161en\u00ed funguje hladce i na tabletu nebo telefonu<\/li>\n\n\n\n<li><strong>Bez nutnosti instalace<\/strong> \u2013 p\u0159\u00edstup ke cloudov\u00fdm aplikac\u00edm z\u00edsk\u00e1te p\u0159es webov\u00fd prohl\u00ed\u017ee\u010d, bez slo\u017eit\u00e9ho nastavov\u00e1n\u00ed<\/li>\n<\/ul>\n\n\n\n<p><\/p>\n","protected":false},"excerpt":{"rendered":"<p>Co to znamen\u00e1 v praxi? Co z\u00edsk\u00e1te s AppOn.cloud?<\/p>\n","protected":false},"author":5,"featured_media":0,"parent":0,"menu_order":10,"comment_status":"closed","ping_status":"closed","template":"","meta":{"footnotes":""},"application_category":[],"class_list":["post-1538","page","type-page","status-publish","hentry"],"yoast_head":"<!-- This site is optimized with the Yoast SEO plugin v27.2 - https:\/\/yoast.com\/product\/yoast-seo-wordpress\/ -->\n<title>Cloudov\u00e1 dostupnost dat - AppOn.cloud<\/title>\n<meta name=\"robots\" content=\"index, follow, max-snippet:-1, max-image-preview:large, max-video-preview:-1\" \/>\n<link rel=\"canonical\" href=\"https:\/\/www.appon.cloud\/cs\/cloudova-dostupnost_dat\/\" \/>\n<meta property=\"og:locale\" content=\"cs_CZ\" \/>\n<meta property=\"og:type\" content=\"article\" \/>\n<meta property=\"og:title\" content=\"Cloudov\u00e1 dostupnost dat - AppOn.cloud\" \/>\n<meta property=\"og:description\" content=\"Co to znamen\u00e1 v praxi? Co z\u00edsk\u00e1te s AppOn.cloud?\" \/>\n<meta property=\"og:url\" content=\"https:\/\/www.appon.cloud\/cs\/cloudova-dostupnost_dat\/\" \/>\n<meta property=\"og:site_name\" content=\"AppOn.cloud\" \/>\n<meta property=\"article:modified_time\" content=\"2025-11-04T21:59:47+00:00\" \/>\n<meta property=\"og:image\" content=\"https:\/\/www.appon.cloud\/wp-content\/uploads\/2025\/11\/apponcloud-logo-1000x1000-001.jpg\" \/>\n\t<meta property=\"og:image:width\" content=\"1000\" \/>\n\t<meta property=\"og:image:height\" content=\"1000\" \/>\n\t<meta property=\"og:image:type\" content=\"image\/jpeg\" \/>\n<meta name=\"twitter:card\" content=\"summary_large_image\" \/>\n<meta name=\"twitter:label1\" content=\"Odhadovan\u00e1 doba \u010dten\u00ed\" \/>\n\t<meta name=\"twitter:data1\" content=\"1 minuta\" \/>\n<script type=\"application\/ld+json\" class=\"yoast-schema-graph\">{\"@context\":\"https:\/\/schema.org\",\"@graph\":[{\"@type\":\"WebPage\",\"@id\":\"https:\/\/www.appon.cloud\/cs\/cloudova-dostupnost_dat\/\",\"url\":\"https:\/\/www.appon.cloud\/cs\/cloudova-dostupnost_dat\/\",\"name\":\"Cloudov\u00e1 dostupnost dat - AppOn.cloud\",\"isPartOf\":{\"@id\":\"https:\/\/www.appon.cloud\/cs\/#website\"},\"datePublished\":\"2025-10-30T15:24:15+00:00\",\"dateModified\":\"2025-11-04T21:59:47+00:00\",\"breadcrumb\":{\"@id\":\"https:\/\/www.appon.cloud\/cs\/cloudova-dostupnost_dat\/#breadcrumb\"},\"inLanguage\":\"cs\",\"potentialAction\":[{\"@type\":\"ReadAction\",\"target\":[\"https:\/\/www.appon.cloud\/cs\/cloudova-dostupnost_dat\/\"]}]},{\"@type\":\"BreadcrumbList\",\"@id\":\"https:\/\/www.appon.cloud\/cs\/cloudova-dostupnost_dat\/#breadcrumb\",\"itemListElement\":[{\"@type\":\"ListItem\",\"position\":1,\"name\":\"Dom\u016f\",\"item\":\"https:\/\/www.appon.cloud\/cs\/\"},{\"@type\":\"ListItem\",\"position\":2,\"name\":\"Cloudov\u00e1 dostupnost dat\"}]},{\"@type\":\"WebSite\",\"@id\":\"https:\/\/www.appon.cloud\/cs\/#website\",\"url\":\"https:\/\/www.appon.cloud\/cs\/\",\"name\":\"AppOn.Cloud - cloud, kter\u00fd se p\u0159izp\u016fsob\u00ed v\u00e1m\",\"description\":\"\u010cesk\u00fd cloud, kter\u00fd se p\u0159izp\u016fsob\u00ed va\u0161emu podnik\u00e1n\u00ed\",\"publisher\":{\"@id\":\"https:\/\/www.appon.cloud\/cs\/#organization\"},\"potentialAction\":[{\"@type\":\"SearchAction\",\"target\":{\"@type\":\"EntryPoint\",\"urlTemplate\":\"https:\/\/www.appon.cloud\/cs\/?s={search_term_string}\"},\"query-input\":{\"@type\":\"PropertyValueSpecification\",\"valueRequired\":true,\"valueName\":\"search_term_string\"}}],\"inLanguage\":\"cs\"},{\"@type\":\"Organization\",\"@id\":\"https:\/\/www.appon.cloud\/cs\/#organization\",\"name\":\"AppOn.Cloud - cloud, kter\u00fd se p\u0159izp\u016fsob\u00ed v\u00e1m\",\"url\":\"https:\/\/www.appon.cloud\/cs\/\",\"logo\":{\"@type\":\"ImageObject\",\"inLanguage\":\"cs\",\"@id\":\"https:\/\/www.appon.cloud\/cs\/#\/schema\/logo\/image\/\",\"url\":\"https:\/\/www.appon.cloud\/wp-content\/uploads\/2024\/04\/Apponcloud-logo.svg\",\"contentUrl\":\"https:\/\/www.appon.cloud\/wp-content\/uploads\/2024\/04\/Apponcloud-logo.svg\",\"width\":231,\"height\":43,\"caption\":\"AppOn.Cloud - cloud, kter\u00fd se p\u0159izp\u016fsob\u00ed v\u00e1m\"},\"image\":{\"@id\":\"https:\/\/www.appon.cloud\/cs\/#\/schema\/logo\/image\/\"}}]}<\/script>\n<!-- \/ Yoast SEO plugin. -->","yoast_head_json":{"title":"Cloudov\u00e1 dostupnost dat - AppOn.cloud","robots":{"index":"index","follow":"follow","max-snippet":"max-snippet:-1","max-image-preview":"max-image-preview:large","max-video-preview":"max-video-preview:-1"},"canonical":"https:\/\/www.appon.cloud\/cs\/cloudova-dostupnost_dat\/","og_locale":"cs_CZ","og_type":"article","og_title":"Cloudov\u00e1 dostupnost dat - AppOn.cloud","og_description":"Co to znamen\u00e1 v praxi? Co z\u00edsk\u00e1te s AppOn.cloud?","og_url":"https:\/\/www.appon.cloud\/cs\/cloudova-dostupnost_dat\/","og_site_name":"AppOn.cloud","article_modified_time":"2025-11-04T21:59:47+00:00","og_image":[{"width":1000,"height":1000,"url":"https:\/\/www.appon.cloud\/wp-content\/uploads\/2025\/11\/apponcloud-logo-1000x1000-001.jpg","type":"image\/jpeg"}],"twitter_card":"summary_large_image","twitter_misc":{"Odhadovan\u00e1 doba \u010dten\u00ed":"1 minuta"},"schema":{"@context":"https:\/\/schema.org","@graph":[{"@type":"WebPage","@id":"https:\/\/www.appon.cloud\/cs\/cloudova-dostupnost_dat\/","url":"https:\/\/www.appon.cloud\/cs\/cloudova-dostupnost_dat\/","name":"Cloudov\u00e1 dostupnost dat - AppOn.cloud","isPartOf":{"@id":"https:\/\/www.appon.cloud\/cs\/#website"},"datePublished":"2025-10-30T15:24:15+00:00","dateModified":"2025-11-04T21:59:47+00:00","breadcrumb":{"@id":"https:\/\/www.appon.cloud\/cs\/cloudova-dostupnost_dat\/#breadcrumb"},"inLanguage":"cs","potentialAction":[{"@type":"ReadAction","target":["https:\/\/www.appon.cloud\/cs\/cloudova-dostupnost_dat\/"]}]},{"@type":"BreadcrumbList","@id":"https:\/\/www.appon.cloud\/cs\/cloudova-dostupnost_dat\/#breadcrumb","itemListElement":[{"@type":"ListItem","position":1,"name":"Dom\u016f","item":"https:\/\/www.appon.cloud\/cs\/"},{"@type":"ListItem","position":2,"name":"Cloudov\u00e1 dostupnost dat"}]},{"@type":"WebSite","@id":"https:\/\/www.appon.cloud\/cs\/#website","url":"https:\/\/www.appon.cloud\/cs\/","name":"AppOn.Cloud - cloud, kter\u00fd se p\u0159izp\u016fsob\u00ed v\u00e1m","description":"\u010cesk\u00fd cloud, kter\u00fd se p\u0159izp\u016fsob\u00ed va\u0161emu podnik\u00e1n\u00ed","publisher":{"@id":"https:\/\/www.appon.cloud\/cs\/#organization"},"potentialAction":[{"@type":"SearchAction","target":{"@type":"EntryPoint","urlTemplate":"https:\/\/www.appon.cloud\/cs\/?s={search_term_string}"},"query-input":{"@type":"PropertyValueSpecification","valueRequired":true,"valueName":"search_term_string"}}],"inLanguage":"cs"},{"@type":"Organization","@id":"https:\/\/www.appon.cloud\/cs\/#organization","name":"AppOn.Cloud - cloud, kter\u00fd se p\u0159izp\u016fsob\u00ed v\u00e1m","url":"https:\/\/www.appon.cloud\/cs\/","logo":{"@type":"ImageObject","inLanguage":"cs","@id":"https:\/\/www.appon.cloud\/cs\/#\/schema\/logo\/image\/","url":"https:\/\/www.appon.cloud\/wp-content\/uploads\/2024\/04\/Apponcloud-logo.svg","contentUrl":"https:\/\/www.appon.cloud\/wp-content\/uploads\/2024\/04\/Apponcloud-logo.svg","width":231,"height":43,"caption":"AppOn.Cloud - cloud, kter\u00fd se p\u0159izp\u016fsob\u00ed v\u00e1m"},"image":{"@id":"https:\/\/www.appon.cloud\/cs\/#\/schema\/logo\/image\/"}}]}},"_links":{"self":[{"href":"https:\/\/www.appon.cloud\/cs\/wp-json\/wp\/v2\/pages\/1538","targetHints":{"allow":["GET"]}}],"collection":[{"href":"https:\/\/www.appon.cloud\/cs\/wp-json\/wp\/v2\/pages"}],"about":[{"href":"https:\/\/www.appon.cloud\/cs\/wp-json\/wp\/v2\/types\/page"}],"author":[{"embeddable":true,"href":"https:\/\/www.appon.cloud\/cs\/wp-json\/wp\/v2\/users\/5"}],"replies":[{"embeddable":true,"href":"https:\/\/www.appon.cloud\/cs\/wp-json\/wp\/v2\/comments?post=1538"}],"version-history":[{"count":4,"href":"https:\/\/www.appon.cloud\/cs\/wp-json\/wp\/v2\/pages\/1538\/revisions"}],"predecessor-version":[{"id":1614,"href":"https:\/\/www.appon.cloud\/cs\/wp-json\/wp\/v2\/pages\/1538\/revisions\/1614"}],"wp:attachment":[{"href":"https:\/\/www.appon.cloud\/cs\/wp-json\/wp\/v2\/media?parent=1538"}],"wp:term":[{"taxonomy":"application_category","embeddable":true,"href":"https:\/\/www.appon.cloud\/cs\/wp-json\/wp\/v2\/application_category?post=1538"}],"curies":[{"name":"wp","href":"https:\/\/api.w.org\/{rel}","templated":true}]}}