{"id":1541,"date":"2025-10-30T16:25:05","date_gmt":"2025-10-30T15:25:05","guid":{"rendered":"https:\/\/www.appon.cloud\/?page_id=1541"},"modified":"2025-11-04T22:46:00","modified_gmt":"2025-11-04T21:46:00","slug":"full-servis-a-it-podpora","status":"publish","type":"page","link":"https:\/\/www.appon.cloud\/cs\/full-servis-a-it-podpora\/","title":{"rendered":"Full servis a IT podpora"},"content":{"rendered":"\n<h2 class=\"wp-block-heading\">Co z\u00edsk\u00e1te s AppOn.cloud?<\/h2>\n\n\n\n<ul class=\"wp-block-list\">\n<li><strong>Okam\u017eitou pomoc<\/strong> \u2013 kdy\u017e zavol\u00e1te, mluv\u00edte s odborn\u00edkem, ne s automatem<\/li>\n\n\n\n<li><strong>Osobn\u00ed p\u0159\u00edstup<\/strong> \u2013 ka\u017ed\u00fd klient je pro n\u00e1s partner, ne jen \u010d\u00edslo v syst\u00e9mu<\/li>\n\n\n\n<li><strong>Rychl\u00e9 reakce<\/strong> \u2013 technick\u00e9 po\u017eadavky \u0159e\u0161\u00edme bez zbyte\u010dn\u00fdch pr\u016ftah\u016f<\/li>\n\n\n\n<li><strong>Proaktivn\u00ed p\u00e9\u010di<\/strong> \u2013 sledujeme stav va\u0161ich slu\u017eeb a p\u0159edch\u00e1z\u00edme probl\u00e9m\u016fm <\/li>\n\n\n\n<li><strong>\u0158e\u0161en\u00ed bez v\u00fdmluv<\/strong> \u2013 odpov\u011bdi typu \u201anejde, neum\u00edme, nem\u016f\u017eeme\u2018 u n\u00e1s ne\u010dekejte<\/li>\n\n\n\n<li><strong>Znalost prost\u0159ed\u00ed<\/strong> \u2013 rozum\u00edme aplikac\u00edm, kter\u00e9 hostujeme, a v\u00edme, jak je udr\u017eet v provozu<\/li>\n\n\n\n<li><strong>Flexibilitu<\/strong> \u2013 p\u0159izp\u016fsob\u00edme se va\u0161im pot\u0159eb\u00e1m, a\u0165 jste mal\u00e1 firma nebo v\u011bt\u0161\u00ed t\u00fdm<\/li>\n\n\n\n<li><strong>Komplexn\u00ed \u0159e\u0161en\u00ed<\/strong> \u2013 od cloudu p\u0159es spr\u00e1vu aplikac\u00ed a\u017e po podporu koncov\u00fdch za\u0159\u00edzen\u00ed<\/li>\n<\/ul>\n\n\n\n<p><\/p>\n","protected":false},"excerpt":{"rendered":"<p>Co z\u00edsk\u00e1te s AppOn.cloud?<\/p>\n","protected":false},"author":5,"featured_media":0,"parent":0,"menu_order":9,"comment_status":"closed","ping_status":"closed","template":"","meta":{"footnotes":""},"application_category":[],"class_list":["post-1541","page","type-page","status-publish","hentry"],"yoast_head":"<!-- This site is optimized with the Yoast SEO plugin v27.2 - https:\/\/yoast.com\/product\/yoast-seo-wordpress\/ -->\n<title>Full servis a IT podpora - AppOn.cloud<\/title>\n<meta name=\"robots\" content=\"index, follow, max-snippet:-1, max-image-preview:large, max-video-preview:-1\" \/>\n<link rel=\"canonical\" href=\"https:\/\/www.appon.cloud\/cs\/full-servis-a-it-podpora\/\" \/>\n<meta property=\"og:locale\" content=\"cs_CZ\" \/>\n<meta property=\"og:type\" content=\"article\" \/>\n<meta property=\"og:title\" content=\"Full servis a IT podpora - AppOn.cloud\" \/>\n<meta property=\"og:description\" content=\"Co z\u00edsk\u00e1te s AppOn.cloud?\" \/>\n<meta property=\"og:url\" content=\"https:\/\/www.appon.cloud\/cs\/full-servis-a-it-podpora\/\" \/>\n<meta property=\"og:site_name\" content=\"AppOn.cloud\" \/>\n<meta property=\"article:modified_time\" content=\"2025-11-04T21:46:00+00:00\" \/>\n<meta property=\"og:image\" content=\"https:\/\/www.appon.cloud\/wp-content\/uploads\/2025\/11\/apponcloud-logo-1000x1000-001.jpg\" \/>\n\t<meta property=\"og:image:width\" content=\"1000\" \/>\n\t<meta property=\"og:image:height\" content=\"1000\" \/>\n\t<meta property=\"og:image:type\" content=\"image\/jpeg\" \/>\n<meta name=\"twitter:card\" content=\"summary_large_image\" \/>\n<meta name=\"twitter:label1\" content=\"Odhadovan\u00e1 doba \u010dten\u00ed\" \/>\n\t<meta name=\"twitter:data1\" content=\"1 minuta\" \/>\n<script type=\"application\/ld+json\" class=\"yoast-schema-graph\">{\"@context\":\"https:\/\/schema.org\",\"@graph\":[{\"@type\":\"WebPage\",\"@id\":\"https:\/\/www.appon.cloud\/cs\/full-servis-a-it-podpora\/\",\"url\":\"https:\/\/www.appon.cloud\/cs\/full-servis-a-it-podpora\/\",\"name\":\"Full servis a IT podpora - AppOn.cloud\",\"isPartOf\":{\"@id\":\"https:\/\/www.appon.cloud\/cs\/#website\"},\"datePublished\":\"2025-10-30T15:25:05+00:00\",\"dateModified\":\"2025-11-04T21:46:00+00:00\",\"breadcrumb\":{\"@id\":\"https:\/\/www.appon.cloud\/cs\/full-servis-a-it-podpora\/#breadcrumb\"},\"inLanguage\":\"cs\",\"potentialAction\":[{\"@type\":\"ReadAction\",\"target\":[\"https:\/\/www.appon.cloud\/cs\/full-servis-a-it-podpora\/\"]}]},{\"@type\":\"BreadcrumbList\",\"@id\":\"https:\/\/www.appon.cloud\/cs\/full-servis-a-it-podpora\/#breadcrumb\",\"itemListElement\":[{\"@type\":\"ListItem\",\"position\":1,\"name\":\"Dom\u016f\",\"item\":\"https:\/\/www.appon.cloud\/cs\/\"},{\"@type\":\"ListItem\",\"position\":2,\"name\":\"Full servis a IT podpora\"}]},{\"@type\":\"WebSite\",\"@id\":\"https:\/\/www.appon.cloud\/cs\/#website\",\"url\":\"https:\/\/www.appon.cloud\/cs\/\",\"name\":\"AppOn.Cloud - cloud, kter\u00fd se p\u0159izp\u016fsob\u00ed v\u00e1m\",\"description\":\"\u010cesk\u00fd cloud, kter\u00fd se p\u0159izp\u016fsob\u00ed va\u0161emu podnik\u00e1n\u00ed\",\"publisher\":{\"@id\":\"https:\/\/www.appon.cloud\/cs\/#organization\"},\"potentialAction\":[{\"@type\":\"SearchAction\",\"target\":{\"@type\":\"EntryPoint\",\"urlTemplate\":\"https:\/\/www.appon.cloud\/cs\/?s={search_term_string}\"},\"query-input\":{\"@type\":\"PropertyValueSpecification\",\"valueRequired\":true,\"valueName\":\"search_term_string\"}}],\"inLanguage\":\"cs\"},{\"@type\":\"Organization\",\"@id\":\"https:\/\/www.appon.cloud\/cs\/#organization\",\"name\":\"AppOn.Cloud - cloud, kter\u00fd se p\u0159izp\u016fsob\u00ed v\u00e1m\",\"url\":\"https:\/\/www.appon.cloud\/cs\/\",\"logo\":{\"@type\":\"ImageObject\",\"inLanguage\":\"cs\",\"@id\":\"https:\/\/www.appon.cloud\/cs\/#\/schema\/logo\/image\/\",\"url\":\"https:\/\/www.appon.cloud\/wp-content\/uploads\/2024\/04\/Apponcloud-logo.svg\",\"contentUrl\":\"https:\/\/www.appon.cloud\/wp-content\/uploads\/2024\/04\/Apponcloud-logo.svg\",\"width\":231,\"height\":43,\"caption\":\"AppOn.Cloud - cloud, kter\u00fd se p\u0159izp\u016fsob\u00ed v\u00e1m\"},\"image\":{\"@id\":\"https:\/\/www.appon.cloud\/cs\/#\/schema\/logo\/image\/\"}}]}<\/script>\n<!-- \/ Yoast SEO plugin. -->","yoast_head_json":{"title":"Full servis a IT podpora - AppOn.cloud","robots":{"index":"index","follow":"follow","max-snippet":"max-snippet:-1","max-image-preview":"max-image-preview:large","max-video-preview":"max-video-preview:-1"},"canonical":"https:\/\/www.appon.cloud\/cs\/full-servis-a-it-podpora\/","og_locale":"cs_CZ","og_type":"article","og_title":"Full servis a IT podpora - AppOn.cloud","og_description":"Co z\u00edsk\u00e1te s AppOn.cloud?","og_url":"https:\/\/www.appon.cloud\/cs\/full-servis-a-it-podpora\/","og_site_name":"AppOn.cloud","article_modified_time":"2025-11-04T21:46:00+00:00","og_image":[{"width":1000,"height":1000,"url":"https:\/\/www.appon.cloud\/wp-content\/uploads\/2025\/11\/apponcloud-logo-1000x1000-001.jpg","type":"image\/jpeg"}],"twitter_card":"summary_large_image","twitter_misc":{"Odhadovan\u00e1 doba \u010dten\u00ed":"1 minuta"},"schema":{"@context":"https:\/\/schema.org","@graph":[{"@type":"WebPage","@id":"https:\/\/www.appon.cloud\/cs\/full-servis-a-it-podpora\/","url":"https:\/\/www.appon.cloud\/cs\/full-servis-a-it-podpora\/","name":"Full servis a IT podpora - AppOn.cloud","isPartOf":{"@id":"https:\/\/www.appon.cloud\/cs\/#website"},"datePublished":"2025-10-30T15:25:05+00:00","dateModified":"2025-11-04T21:46:00+00:00","breadcrumb":{"@id":"https:\/\/www.appon.cloud\/cs\/full-servis-a-it-podpora\/#breadcrumb"},"inLanguage":"cs","potentialAction":[{"@type":"ReadAction","target":["https:\/\/www.appon.cloud\/cs\/full-servis-a-it-podpora\/"]}]},{"@type":"BreadcrumbList","@id":"https:\/\/www.appon.cloud\/cs\/full-servis-a-it-podpora\/#breadcrumb","itemListElement":[{"@type":"ListItem","position":1,"name":"Dom\u016f","item":"https:\/\/www.appon.cloud\/cs\/"},{"@type":"ListItem","position":2,"name":"Full servis a IT podpora"}]},{"@type":"WebSite","@id":"https:\/\/www.appon.cloud\/cs\/#website","url":"https:\/\/www.appon.cloud\/cs\/","name":"AppOn.Cloud - cloud, kter\u00fd se p\u0159izp\u016fsob\u00ed v\u00e1m","description":"\u010cesk\u00fd cloud, kter\u00fd se p\u0159izp\u016fsob\u00ed va\u0161emu podnik\u00e1n\u00ed","publisher":{"@id":"https:\/\/www.appon.cloud\/cs\/#organization"},"potentialAction":[{"@type":"SearchAction","target":{"@type":"EntryPoint","urlTemplate":"https:\/\/www.appon.cloud\/cs\/?s={search_term_string}"},"query-input":{"@type":"PropertyValueSpecification","valueRequired":true,"valueName":"search_term_string"}}],"inLanguage":"cs"},{"@type":"Organization","@id":"https:\/\/www.appon.cloud\/cs\/#organization","name":"AppOn.Cloud - cloud, kter\u00fd se p\u0159izp\u016fsob\u00ed v\u00e1m","url":"https:\/\/www.appon.cloud\/cs\/","logo":{"@type":"ImageObject","inLanguage":"cs","@id":"https:\/\/www.appon.cloud\/cs\/#\/schema\/logo\/image\/","url":"https:\/\/www.appon.cloud\/wp-content\/uploads\/2024\/04\/Apponcloud-logo.svg","contentUrl":"https:\/\/www.appon.cloud\/wp-content\/uploads\/2024\/04\/Apponcloud-logo.svg","width":231,"height":43,"caption":"AppOn.Cloud - cloud, kter\u00fd se p\u0159izp\u016fsob\u00ed v\u00e1m"},"image":{"@id":"https:\/\/www.appon.cloud\/cs\/#\/schema\/logo\/image\/"}}]}},"_links":{"self":[{"href":"https:\/\/www.appon.cloud\/cs\/wp-json\/wp\/v2\/pages\/1541","targetHints":{"allow":["GET"]}}],"collection":[{"href":"https:\/\/www.appon.cloud\/cs\/wp-json\/wp\/v2\/pages"}],"about":[{"href":"https:\/\/www.appon.cloud\/cs\/wp-json\/wp\/v2\/types\/page"}],"author":[{"embeddable":true,"href":"https:\/\/www.appon.cloud\/cs\/wp-json\/wp\/v2\/users\/5"}],"replies":[{"embeddable":true,"href":"https:\/\/www.appon.cloud\/cs\/wp-json\/wp\/v2\/comments?post=1541"}],"version-history":[{"count":3,"href":"https:\/\/www.appon.cloud\/cs\/wp-json\/wp\/v2\/pages\/1541\/revisions"}],"predecessor-version":[{"id":1610,"href":"https:\/\/www.appon.cloud\/cs\/wp-json\/wp\/v2\/pages\/1541\/revisions\/1610"}],"wp:attachment":[{"href":"https:\/\/www.appon.cloud\/cs\/wp-json\/wp\/v2\/media?parent=1541"}],"wp:term":[{"taxonomy":"application_category","embeddable":true,"href":"https:\/\/www.appon.cloud\/cs\/wp-json\/wp\/v2\/application_category?post=1541"}],"curies":[{"name":"wp","href":"https:\/\/api.w.org\/{rel}","templated":true}]}}