{"id":488,"date":"2025-08-21T14:07:01","date_gmt":"2025-08-21T12:07:01","guid":{"rendered":"https:\/\/appon.test.youngmedia.dev\/?page_id=488"},"modified":"2026-02-23T11:52:05","modified_gmt":"2026-02-23T10:52:05","slug":"ucetnictvi-v-cloudu","status":"publish","type":"page","link":"https:\/\/www.appon.cloud\/cs\/ucetnictvi-v-cloudu\/","title":{"rendered":"\u00da\u010detnictv\u00ed v cloudu"},"content":{"rendered":"\n<p><\/p>\n\n\n\n<p><\/p>\n","protected":false},"excerpt":{"rendered":"","protected":false},"author":5,"featured_media":2938,"parent":0,"menu_order":21,"comment_status":"closed","ping_status":"closed","template":"","meta":{"footnotes":""},"application_category":[25],"class_list":["post-488","page","type-page","status-publish","has-post-thumbnail","hentry","application_category-ucetnictvi-v-cloudu"],"yoast_head":"<!-- This site is optimized with the Yoast SEO plugin v27.2 - https:\/\/yoast.com\/product\/yoast-seo-wordpress\/ -->\n<title>\u00da\u010detnictv\u00ed v cloudu - AppOn.cloud<\/title>\n<meta name=\"description\" content=\"P\u0159esu\u0148te \u00fa\u010detnictv\u00ed do AppOn.cloud a zbavte se instalac\u00ed i starost\u00ed s technikou. Bezpe\u010dn\u00fd \u010desk\u00fd cloud, automatick\u00e9 z\u00e1lohy, p\u0159\u00edstup odkudkoli.\" \/>\n<meta name=\"robots\" content=\"index, follow, max-snippet:-1, max-image-preview:large, max-video-preview:-1\" \/>\n<link rel=\"canonical\" href=\"https:\/\/www.appon.cloud\/cs\/ucetnictvi-v-cloudu\/\" \/>\n<meta property=\"og:locale\" content=\"cs_CZ\" \/>\n<meta property=\"og:type\" content=\"article\" \/>\n<meta property=\"og:title\" content=\"\u00da\u010detnictv\u00ed v cloudu - AppOn.cloud\" \/>\n<meta property=\"og:description\" content=\"P\u0159esu\u0148te \u00fa\u010detnictv\u00ed do AppOn.cloud a zbavte se instalac\u00ed i starost\u00ed s technikou. Bezpe\u010dn\u00fd \u010desk\u00fd cloud, automatick\u00e9 z\u00e1lohy, p\u0159\u00edstup odkudkoli.\" \/>\n<meta property=\"og:url\" content=\"https:\/\/www.appon.cloud\/cs\/ucetnictvi-v-cloudu\/\" \/>\n<meta property=\"og:site_name\" content=\"AppOn.cloud\" \/>\n<meta property=\"article:modified_time\" content=\"2026-02-23T10:52:05+00:00\" \/>\n<meta property=\"og:image\" content=\"https:\/\/www.appon.cloud\/wp-content\/uploads\/2026\/02\/AOC_2512_obecny_blue.png\" \/>\n\t<meta property=\"og:image:width\" content=\"1080\" \/>\n\t<meta property=\"og:image:height\" content=\"1080\" \/>\n\t<meta property=\"og:image:type\" content=\"image\/png\" \/>\n<meta name=\"twitter:card\" content=\"summary_large_image\" \/>\n<meta name=\"twitter:label1\" content=\"Odhadovan\u00e1 doba \u010dten\u00ed\" \/>\n\t<meta name=\"twitter:data1\" content=\"1 minuta\" \/>\n<script type=\"application\/ld+json\" class=\"yoast-schema-graph\">{\"@context\":\"https:\/\/schema.org\",\"@graph\":[{\"@type\":\"WebPage\",\"@id\":\"https:\/\/www.appon.cloud\/cs\/ucetnictvi-v-cloudu\/\",\"url\":\"https:\/\/www.appon.cloud\/cs\/ucetnictvi-v-cloudu\/\",\"name\":\"\u00da\u010detnictv\u00ed v cloudu - AppOn.cloud\",\"isPartOf\":{\"@id\":\"https:\/\/www.appon.cloud\/cs\/#website\"},\"primaryImageOfPage\":{\"@id\":\"https:\/\/www.appon.cloud\/cs\/ucetnictvi-v-cloudu\/#primaryimage\"},\"image\":{\"@id\":\"https:\/\/www.appon.cloud\/cs\/ucetnictvi-v-cloudu\/#primaryimage\"},\"thumbnailUrl\":\"https:\/\/www.appon.cloud\/wp-content\/uploads\/2026\/02\/AOC_2512_obecny_blue.png\",\"datePublished\":\"2025-08-21T12:07:01+00:00\",\"dateModified\":\"2026-02-23T10:52:05+00:00\",\"description\":\"P\u0159esu\u0148te \u00fa\u010detnictv\u00ed do AppOn.cloud a zbavte se instalac\u00ed i starost\u00ed s technikou. Bezpe\u010dn\u00fd \u010desk\u00fd cloud, automatick\u00e9 z\u00e1lohy, p\u0159\u00edstup odkudkoli.\",\"breadcrumb\":{\"@id\":\"https:\/\/www.appon.cloud\/cs\/ucetnictvi-v-cloudu\/#breadcrumb\"},\"inLanguage\":\"cs\",\"potentialAction\":[{\"@type\":\"ReadAction\",\"target\":[\"https:\/\/www.appon.cloud\/cs\/ucetnictvi-v-cloudu\/\"]}]},{\"@type\":\"ImageObject\",\"inLanguage\":\"cs\",\"@id\":\"https:\/\/www.appon.cloud\/cs\/ucetnictvi-v-cloudu\/#primaryimage\",\"url\":\"https:\/\/www.appon.cloud\/wp-content\/uploads\/2026\/02\/AOC_2512_obecny_blue.png\",\"contentUrl\":\"https:\/\/www.appon.cloud\/wp-content\/uploads\/2026\/02\/AOC_2512_obecny_blue.png\",\"width\":1080,\"height\":1080},{\"@type\":\"BreadcrumbList\",\"@id\":\"https:\/\/www.appon.cloud\/cs\/ucetnictvi-v-cloudu\/#breadcrumb\",\"itemListElement\":[{\"@type\":\"ListItem\",\"position\":1,\"name\":\"Dom\u016f\",\"item\":\"https:\/\/www.appon.cloud\/cs\/\"},{\"@type\":\"ListItem\",\"position\":2,\"name\":\"\u00da\u010detnictv\u00ed v cloudu\"}]},{\"@type\":\"WebSite\",\"@id\":\"https:\/\/www.appon.cloud\/cs\/#website\",\"url\":\"https:\/\/www.appon.cloud\/cs\/\",\"name\":\"AppOn.Cloud - cloud, kter\u00fd se p\u0159izp\u016fsob\u00ed v\u00e1m\",\"description\":\"\u010cesk\u00fd cloud, kter\u00fd se p\u0159izp\u016fsob\u00ed va\u0161emu podnik\u00e1n\u00ed\",\"publisher\":{\"@id\":\"https:\/\/www.appon.cloud\/cs\/#organization\"},\"potentialAction\":[{\"@type\":\"SearchAction\",\"target\":{\"@type\":\"EntryPoint\",\"urlTemplate\":\"https:\/\/www.appon.cloud\/cs\/?s={search_term_string}\"},\"query-input\":{\"@type\":\"PropertyValueSpecification\",\"valueRequired\":true,\"valueName\":\"search_term_string\"}}],\"inLanguage\":\"cs\"},{\"@type\":\"Organization\",\"@id\":\"https:\/\/www.appon.cloud\/cs\/#organization\",\"name\":\"AppOn.Cloud - cloud, kter\u00fd se p\u0159izp\u016fsob\u00ed v\u00e1m\",\"url\":\"https:\/\/www.appon.cloud\/cs\/\",\"logo\":{\"@type\":\"ImageObject\",\"inLanguage\":\"cs\",\"@id\":\"https:\/\/www.appon.cloud\/cs\/#\/schema\/logo\/image\/\",\"url\":\"https:\/\/www.appon.cloud\/wp-content\/uploads\/2024\/04\/Apponcloud-logo.svg\",\"contentUrl\":\"https:\/\/www.appon.cloud\/wp-content\/uploads\/2024\/04\/Apponcloud-logo.svg\",\"width\":231,\"height\":43,\"caption\":\"AppOn.Cloud - cloud, kter\u00fd se p\u0159izp\u016fsob\u00ed v\u00e1m\"},\"image\":{\"@id\":\"https:\/\/www.appon.cloud\/cs\/#\/schema\/logo\/image\/\"}}]}<\/script>\n<!-- \/ Yoast SEO plugin. -->","yoast_head_json":{"title":"\u00da\u010detnictv\u00ed v cloudu - AppOn.cloud","description":"P\u0159esu\u0148te \u00fa\u010detnictv\u00ed do AppOn.cloud a zbavte se instalac\u00ed i starost\u00ed s technikou. Bezpe\u010dn\u00fd \u010desk\u00fd cloud, automatick\u00e9 z\u00e1lohy, p\u0159\u00edstup odkudkoli.","robots":{"index":"index","follow":"follow","max-snippet":"max-snippet:-1","max-image-preview":"max-image-preview:large","max-video-preview":"max-video-preview:-1"},"canonical":"https:\/\/www.appon.cloud\/cs\/ucetnictvi-v-cloudu\/","og_locale":"cs_CZ","og_type":"article","og_title":"\u00da\u010detnictv\u00ed v cloudu - AppOn.cloud","og_description":"P\u0159esu\u0148te \u00fa\u010detnictv\u00ed do AppOn.cloud a zbavte se instalac\u00ed i starost\u00ed s technikou. Bezpe\u010dn\u00fd \u010desk\u00fd cloud, automatick\u00e9 z\u00e1lohy, p\u0159\u00edstup odkudkoli.","og_url":"https:\/\/www.appon.cloud\/cs\/ucetnictvi-v-cloudu\/","og_site_name":"AppOn.cloud","article_modified_time":"2026-02-23T10:52:05+00:00","og_image":[{"width":1080,"height":1080,"url":"https:\/\/www.appon.cloud\/wp-content\/uploads\/2026\/02\/AOC_2512_obecny_blue.png","type":"image\/png"}],"twitter_card":"summary_large_image","twitter_misc":{"Odhadovan\u00e1 doba \u010dten\u00ed":"1 minuta"},"schema":{"@context":"https:\/\/schema.org","@graph":[{"@type":"WebPage","@id":"https:\/\/www.appon.cloud\/cs\/ucetnictvi-v-cloudu\/","url":"https:\/\/www.appon.cloud\/cs\/ucetnictvi-v-cloudu\/","name":"\u00da\u010detnictv\u00ed v cloudu - AppOn.cloud","isPartOf":{"@id":"https:\/\/www.appon.cloud\/cs\/#website"},"primaryImageOfPage":{"@id":"https:\/\/www.appon.cloud\/cs\/ucetnictvi-v-cloudu\/#primaryimage"},"image":{"@id":"https:\/\/www.appon.cloud\/cs\/ucetnictvi-v-cloudu\/#primaryimage"},"thumbnailUrl":"https:\/\/www.appon.cloud\/wp-content\/uploads\/2026\/02\/AOC_2512_obecny_blue.png","datePublished":"2025-08-21T12:07:01+00:00","dateModified":"2026-02-23T10:52:05+00:00","description":"P\u0159esu\u0148te \u00fa\u010detnictv\u00ed do AppOn.cloud a zbavte se instalac\u00ed i starost\u00ed s technikou. Bezpe\u010dn\u00fd \u010desk\u00fd cloud, automatick\u00e9 z\u00e1lohy, p\u0159\u00edstup odkudkoli.","breadcrumb":{"@id":"https:\/\/www.appon.cloud\/cs\/ucetnictvi-v-cloudu\/#breadcrumb"},"inLanguage":"cs","potentialAction":[{"@type":"ReadAction","target":["https:\/\/www.appon.cloud\/cs\/ucetnictvi-v-cloudu\/"]}]},{"@type":"ImageObject","inLanguage":"cs","@id":"https:\/\/www.appon.cloud\/cs\/ucetnictvi-v-cloudu\/#primaryimage","url":"https:\/\/www.appon.cloud\/wp-content\/uploads\/2026\/02\/AOC_2512_obecny_blue.png","contentUrl":"https:\/\/www.appon.cloud\/wp-content\/uploads\/2026\/02\/AOC_2512_obecny_blue.png","width":1080,"height":1080},{"@type":"BreadcrumbList","@id":"https:\/\/www.appon.cloud\/cs\/ucetnictvi-v-cloudu\/#breadcrumb","itemListElement":[{"@type":"ListItem","position":1,"name":"Dom\u016f","item":"https:\/\/www.appon.cloud\/cs\/"},{"@type":"ListItem","position":2,"name":"\u00da\u010detnictv\u00ed v cloudu"}]},{"@type":"WebSite","@id":"https:\/\/www.appon.cloud\/cs\/#website","url":"https:\/\/www.appon.cloud\/cs\/","name":"AppOn.Cloud - cloud, kter\u00fd se p\u0159izp\u016fsob\u00ed v\u00e1m","description":"\u010cesk\u00fd cloud, kter\u00fd se p\u0159izp\u016fsob\u00ed va\u0161emu podnik\u00e1n\u00ed","publisher":{"@id":"https:\/\/www.appon.cloud\/cs\/#organization"},"potentialAction":[{"@type":"SearchAction","target":{"@type":"EntryPoint","urlTemplate":"https:\/\/www.appon.cloud\/cs\/?s={search_term_string}"},"query-input":{"@type":"PropertyValueSpecification","valueRequired":true,"valueName":"search_term_string"}}],"inLanguage":"cs"},{"@type":"Organization","@id":"https:\/\/www.appon.cloud\/cs\/#organization","name":"AppOn.Cloud - cloud, kter\u00fd se p\u0159izp\u016fsob\u00ed v\u00e1m","url":"https:\/\/www.appon.cloud\/cs\/","logo":{"@type":"ImageObject","inLanguage":"cs","@id":"https:\/\/www.appon.cloud\/cs\/#\/schema\/logo\/image\/","url":"https:\/\/www.appon.cloud\/wp-content\/uploads\/2024\/04\/Apponcloud-logo.svg","contentUrl":"https:\/\/www.appon.cloud\/wp-content\/uploads\/2024\/04\/Apponcloud-logo.svg","width":231,"height":43,"caption":"AppOn.Cloud - cloud, kter\u00fd se p\u0159izp\u016fsob\u00ed v\u00e1m"},"image":{"@id":"https:\/\/www.appon.cloud\/cs\/#\/schema\/logo\/image\/"}}]}},"_links":{"self":[{"href":"https:\/\/www.appon.cloud\/cs\/wp-json\/wp\/v2\/pages\/488","targetHints":{"allow":["GET"]}}],"collection":[{"href":"https:\/\/www.appon.cloud\/cs\/wp-json\/wp\/v2\/pages"}],"about":[{"href":"https:\/\/www.appon.cloud\/cs\/wp-json\/wp\/v2\/types\/page"}],"author":[{"embeddable":true,"href":"https:\/\/www.appon.cloud\/cs\/wp-json\/wp\/v2\/users\/5"}],"replies":[{"embeddable":true,"href":"https:\/\/www.appon.cloud\/cs\/wp-json\/wp\/v2\/comments?post=488"}],"version-history":[{"count":4,"href":"https:\/\/www.appon.cloud\/cs\/wp-json\/wp\/v2\/pages\/488\/revisions"}],"predecessor-version":[{"id":1974,"href":"https:\/\/www.appon.cloud\/cs\/wp-json\/wp\/v2\/pages\/488\/revisions\/1974"}],"wp:featuredmedia":[{"embeddable":true,"href":"https:\/\/www.appon.cloud\/cs\/wp-json\/wp\/v2\/media\/2938"}],"wp:attachment":[{"href":"https:\/\/www.appon.cloud\/cs\/wp-json\/wp\/v2\/media?parent=488"}],"wp:term":[{"taxonomy":"application_category","embeddable":true,"href":"https:\/\/www.appon.cloud\/cs\/wp-json\/wp\/v2\/application_category?post=488"}],"curies":[{"name":"wp","href":"https:\/\/api.w.org\/{rel}","templated":true}]}}