{"id":495,"date":"2025-08-21T14:10:57","date_gmt":"2025-08-21T12:10:57","guid":{"rendered":"https:\/\/appon.test.youngmedia.dev\/?page_id=495"},"modified":"2026-04-13T09:16:34","modified_gmt":"2026-04-13T07:16:34","slug":"cloudove-sluzby","status":"publish","type":"page","link":"https:\/\/www.appon.cloud\/cs\/cloudove-sluzby\/","title":{"rendered":"Cloudov\u00e9 slu\u017eby"},"content":{"rendered":"","protected":false},"excerpt":{"rendered":"","protected":false},"author":5,"featured_media":129,"parent":0,"menu_order":19,"comment_status":"closed","ping_status":"closed","template":"","meta":{"footnotes":""},"application_category":[27],"class_list":["post-495","page","type-page","status-publish","has-post-thumbnail","hentry","application_category-cloudove-sluzby"],"yoast_head":"<!-- This site is optimized with the Yoast SEO plugin v27.2 - https:\/\/yoast.com\/product\/yoast-seo-wordpress\/ -->\n<title>Cloudov\u00e9 slu\u017eby - AppOn.cloud<\/title>\n<meta name=\"description\" content=\"Cloudov\u00e9 slu\u017eby AppOn.cloud v\u00e1m umo\u017en\u00ed provozovat firemn\u00ed aplikace bez instalac\u00ed a server\u016f. Bezpe\u010dn\u00fd \u010desk\u00fd cloud, automatick\u00e9 z\u00e1lohy, nonstop podpora a p\u0159\u00edstup odkudkoli.\" \/>\n<meta name=\"robots\" content=\"index, follow, max-snippet:-1, max-image-preview:large, max-video-preview:-1\" \/>\n<link rel=\"canonical\" href=\"https:\/\/www.appon.cloud\/cs\/cloudove-sluzby\/\" \/>\n<meta property=\"og:locale\" content=\"cs_CZ\" \/>\n<meta property=\"og:type\" content=\"article\" \/>\n<meta property=\"og:title\" content=\"Cloudov\u00e9 slu\u017eby - AppOn.cloud\" \/>\n<meta property=\"og:description\" content=\"Cloudov\u00e9 slu\u017eby AppOn.cloud v\u00e1m umo\u017en\u00ed provozovat firemn\u00ed aplikace bez instalac\u00ed a server\u016f. Bezpe\u010dn\u00fd \u010desk\u00fd cloud, automatick\u00e9 z\u00e1lohy, nonstop podpora a p\u0159\u00edstup odkudkoli.\" \/>\n<meta property=\"og:url\" content=\"https:\/\/www.appon.cloud\/cs\/cloudove-sluzby\/\" \/>\n<meta property=\"og:site_name\" content=\"AppOn.cloud\" \/>\n<meta property=\"article:modified_time\" content=\"2026-04-13T07:16:34+00:00\" \/>\n<meta property=\"og:image\" content=\"https:\/\/www.appon.cloud\/wp-content\/uploads\/2025\/11\/apponcloud-logo-1000x1000-001.jpg\" \/>\n\t<meta property=\"og:image:width\" content=\"1000\" \/>\n\t<meta property=\"og:image:height\" content=\"1000\" \/>\n\t<meta property=\"og:image:type\" content=\"image\/jpeg\" \/>\n<meta name=\"twitter:card\" content=\"summary_large_image\" \/>\n<meta name=\"twitter:label1\" content=\"Odhadovan\u00e1 doba \u010dten\u00ed\" \/>\n\t<meta name=\"twitter:data1\" content=\"1 minuta\" \/>\n<script type=\"application\/ld+json\" class=\"yoast-schema-graph\">{\"@context\":\"https:\/\/schema.org\",\"@graph\":[{\"@type\":\"WebPage\",\"@id\":\"https:\/\/www.appon.cloud\/cs\/cloudove-sluzby\/\",\"url\":\"https:\/\/www.appon.cloud\/cs\/cloudove-sluzby\/\",\"name\":\"Cloudov\u00e9 slu\u017eby - AppOn.cloud\",\"isPartOf\":{\"@id\":\"https:\/\/www.appon.cloud\/cs\/#website\"},\"primaryImageOfPage\":{\"@id\":\"https:\/\/www.appon.cloud\/cs\/cloudove-sluzby\/#primaryimage\"},\"image\":{\"@id\":\"https:\/\/www.appon.cloud\/cs\/cloudove-sluzby\/#primaryimage\"},\"thumbnailUrl\":\"https:\/\/www.appon.cloud\/wp-content\/uploads\/2024\/04\/Apponcloud-symbol.svg\",\"datePublished\":\"2025-08-21T12:10:57+00:00\",\"dateModified\":\"2026-04-13T07:16:34+00:00\",\"description\":\"Cloudov\u00e9 slu\u017eby AppOn.cloud v\u00e1m umo\u017en\u00ed provozovat firemn\u00ed aplikace bez instalac\u00ed a server\u016f. Bezpe\u010dn\u00fd \u010desk\u00fd cloud, automatick\u00e9 z\u00e1lohy, nonstop podpora a p\u0159\u00edstup odkudkoli.\",\"breadcrumb\":{\"@id\":\"https:\/\/www.appon.cloud\/cs\/cloudove-sluzby\/#breadcrumb\"},\"inLanguage\":\"cs\",\"potentialAction\":[{\"@type\":\"ReadAction\",\"target\":[\"https:\/\/www.appon.cloud\/cs\/cloudove-sluzby\/\"]}]},{\"@type\":\"ImageObject\",\"inLanguage\":\"cs\",\"@id\":\"https:\/\/www.appon.cloud\/cs\/cloudove-sluzby\/#primaryimage\",\"url\":\"https:\/\/www.appon.cloud\/wp-content\/uploads\/2024\/04\/Apponcloud-symbol.svg\",\"contentUrl\":\"https:\/\/www.appon.cloud\/wp-content\/uploads\/2024\/04\/Apponcloud-symbol.svg\",\"width\":386,\"height\":242},{\"@type\":\"BreadcrumbList\",\"@id\":\"https:\/\/www.appon.cloud\/cs\/cloudove-sluzby\/#breadcrumb\",\"itemListElement\":[{\"@type\":\"ListItem\",\"position\":1,\"name\":\"Dom\u016f\",\"item\":\"https:\/\/www.appon.cloud\/cs\/\"},{\"@type\":\"ListItem\",\"position\":2,\"name\":\"Cloudov\u00e9 slu\u017eby\"}]},{\"@type\":\"WebSite\",\"@id\":\"https:\/\/www.appon.cloud\/cs\/#website\",\"url\":\"https:\/\/www.appon.cloud\/cs\/\",\"name\":\"AppOn.Cloud - cloud, kter\u00fd se p\u0159izp\u016fsob\u00ed v\u00e1m\",\"description\":\"\u010cesk\u00fd cloud, kter\u00fd se p\u0159izp\u016fsob\u00ed va\u0161emu podnik\u00e1n\u00ed\",\"publisher\":{\"@id\":\"https:\/\/www.appon.cloud\/cs\/#organization\"},\"potentialAction\":[{\"@type\":\"SearchAction\",\"target\":{\"@type\":\"EntryPoint\",\"urlTemplate\":\"https:\/\/www.appon.cloud\/cs\/?s={search_term_string}\"},\"query-input\":{\"@type\":\"PropertyValueSpecification\",\"valueRequired\":true,\"valueName\":\"search_term_string\"}}],\"inLanguage\":\"cs\"},{\"@type\":\"Organization\",\"@id\":\"https:\/\/www.appon.cloud\/cs\/#organization\",\"name\":\"AppOn.Cloud - cloud, kter\u00fd se p\u0159izp\u016fsob\u00ed v\u00e1m\",\"url\":\"https:\/\/www.appon.cloud\/cs\/\",\"logo\":{\"@type\":\"ImageObject\",\"inLanguage\":\"cs\",\"@id\":\"https:\/\/www.appon.cloud\/cs\/#\/schema\/logo\/image\/\",\"url\":\"https:\/\/www.appon.cloud\/wp-content\/uploads\/2024\/04\/Apponcloud-logo.svg\",\"contentUrl\":\"https:\/\/www.appon.cloud\/wp-content\/uploads\/2024\/04\/Apponcloud-logo.svg\",\"width\":231,\"height\":43,\"caption\":\"AppOn.Cloud - cloud, kter\u00fd se p\u0159izp\u016fsob\u00ed v\u00e1m\"},\"image\":{\"@id\":\"https:\/\/www.appon.cloud\/cs\/#\/schema\/logo\/image\/\"}}]}<\/script>\n<!-- \/ Yoast SEO plugin. -->","yoast_head_json":{"title":"Cloudov\u00e9 slu\u017eby - AppOn.cloud","description":"Cloudov\u00e9 slu\u017eby AppOn.cloud v\u00e1m umo\u017en\u00ed provozovat firemn\u00ed aplikace bez instalac\u00ed a server\u016f. Bezpe\u010dn\u00fd \u010desk\u00fd cloud, automatick\u00e9 z\u00e1lohy, nonstop podpora a p\u0159\u00edstup odkudkoli.","robots":{"index":"index","follow":"follow","max-snippet":"max-snippet:-1","max-image-preview":"max-image-preview:large","max-video-preview":"max-video-preview:-1"},"canonical":"https:\/\/www.appon.cloud\/cs\/cloudove-sluzby\/","og_locale":"cs_CZ","og_type":"article","og_title":"Cloudov\u00e9 slu\u017eby - AppOn.cloud","og_description":"Cloudov\u00e9 slu\u017eby AppOn.cloud v\u00e1m umo\u017en\u00ed provozovat firemn\u00ed aplikace bez instalac\u00ed a server\u016f. Bezpe\u010dn\u00fd \u010desk\u00fd cloud, automatick\u00e9 z\u00e1lohy, nonstop podpora a p\u0159\u00edstup odkudkoli.","og_url":"https:\/\/www.appon.cloud\/cs\/cloudove-sluzby\/","og_site_name":"AppOn.cloud","article_modified_time":"2026-04-13T07:16:34+00:00","og_image":[{"width":1000,"height":1000,"url":"https:\/\/www.appon.cloud\/wp-content\/uploads\/2025\/11\/apponcloud-logo-1000x1000-001.jpg","type":"image\/jpeg"}],"twitter_card":"summary_large_image","twitter_misc":{"Odhadovan\u00e1 doba \u010dten\u00ed":"1 minuta"},"schema":{"@context":"https:\/\/schema.org","@graph":[{"@type":"WebPage","@id":"https:\/\/www.appon.cloud\/cs\/cloudove-sluzby\/","url":"https:\/\/www.appon.cloud\/cs\/cloudove-sluzby\/","name":"Cloudov\u00e9 slu\u017eby - AppOn.cloud","isPartOf":{"@id":"https:\/\/www.appon.cloud\/cs\/#website"},"primaryImageOfPage":{"@id":"https:\/\/www.appon.cloud\/cs\/cloudove-sluzby\/#primaryimage"},"image":{"@id":"https:\/\/www.appon.cloud\/cs\/cloudove-sluzby\/#primaryimage"},"thumbnailUrl":"https:\/\/www.appon.cloud\/wp-content\/uploads\/2024\/04\/Apponcloud-symbol.svg","datePublished":"2025-08-21T12:10:57+00:00","dateModified":"2026-04-13T07:16:34+00:00","description":"Cloudov\u00e9 slu\u017eby AppOn.cloud v\u00e1m umo\u017en\u00ed provozovat firemn\u00ed aplikace bez instalac\u00ed a server\u016f. Bezpe\u010dn\u00fd \u010desk\u00fd cloud, automatick\u00e9 z\u00e1lohy, nonstop podpora a p\u0159\u00edstup odkudkoli.","breadcrumb":{"@id":"https:\/\/www.appon.cloud\/cs\/cloudove-sluzby\/#breadcrumb"},"inLanguage":"cs","potentialAction":[{"@type":"ReadAction","target":["https:\/\/www.appon.cloud\/cs\/cloudove-sluzby\/"]}]},{"@type":"ImageObject","inLanguage":"cs","@id":"https:\/\/www.appon.cloud\/cs\/cloudove-sluzby\/#primaryimage","url":"https:\/\/www.appon.cloud\/wp-content\/uploads\/2024\/04\/Apponcloud-symbol.svg","contentUrl":"https:\/\/www.appon.cloud\/wp-content\/uploads\/2024\/04\/Apponcloud-symbol.svg","width":386,"height":242},{"@type":"BreadcrumbList","@id":"https:\/\/www.appon.cloud\/cs\/cloudove-sluzby\/#breadcrumb","itemListElement":[{"@type":"ListItem","position":1,"name":"Dom\u016f","item":"https:\/\/www.appon.cloud\/cs\/"},{"@type":"ListItem","position":2,"name":"Cloudov\u00e9 slu\u017eby"}]},{"@type":"WebSite","@id":"https:\/\/www.appon.cloud\/cs\/#website","url":"https:\/\/www.appon.cloud\/cs\/","name":"AppOn.Cloud - cloud, kter\u00fd se p\u0159izp\u016fsob\u00ed v\u00e1m","description":"\u010cesk\u00fd cloud, kter\u00fd se p\u0159izp\u016fsob\u00ed va\u0161emu podnik\u00e1n\u00ed","publisher":{"@id":"https:\/\/www.appon.cloud\/cs\/#organization"},"potentialAction":[{"@type":"SearchAction","target":{"@type":"EntryPoint","urlTemplate":"https:\/\/www.appon.cloud\/cs\/?s={search_term_string}"},"query-input":{"@type":"PropertyValueSpecification","valueRequired":true,"valueName":"search_term_string"}}],"inLanguage":"cs"},{"@type":"Organization","@id":"https:\/\/www.appon.cloud\/cs\/#organization","name":"AppOn.Cloud - cloud, kter\u00fd se p\u0159izp\u016fsob\u00ed v\u00e1m","url":"https:\/\/www.appon.cloud\/cs\/","logo":{"@type":"ImageObject","inLanguage":"cs","@id":"https:\/\/www.appon.cloud\/cs\/#\/schema\/logo\/image\/","url":"https:\/\/www.appon.cloud\/wp-content\/uploads\/2024\/04\/Apponcloud-logo.svg","contentUrl":"https:\/\/www.appon.cloud\/wp-content\/uploads\/2024\/04\/Apponcloud-logo.svg","width":231,"height":43,"caption":"AppOn.Cloud - cloud, kter\u00fd se p\u0159izp\u016fsob\u00ed v\u00e1m"},"image":{"@id":"https:\/\/www.appon.cloud\/cs\/#\/schema\/logo\/image\/"}}]}},"_links":{"self":[{"href":"https:\/\/www.appon.cloud\/cs\/wp-json\/wp\/v2\/pages\/495","targetHints":{"allow":["GET"]}}],"collection":[{"href":"https:\/\/www.appon.cloud\/cs\/wp-json\/wp\/v2\/pages"}],"about":[{"href":"https:\/\/www.appon.cloud\/cs\/wp-json\/wp\/v2\/types\/page"}],"author":[{"embeddable":true,"href":"https:\/\/www.appon.cloud\/cs\/wp-json\/wp\/v2\/users\/5"}],"replies":[{"embeddable":true,"href":"https:\/\/www.appon.cloud\/cs\/wp-json\/wp\/v2\/comments?post=495"}],"version-history":[{"count":1,"href":"https:\/\/www.appon.cloud\/cs\/wp-json\/wp\/v2\/pages\/495\/revisions"}],"predecessor-version":[{"id":496,"href":"https:\/\/www.appon.cloud\/cs\/wp-json\/wp\/v2\/pages\/495\/revisions\/496"}],"wp:featuredmedia":[{"embeddable":true,"href":"https:\/\/www.appon.cloud\/cs\/wp-json\/wp\/v2\/media\/129"}],"wp:attachment":[{"href":"https:\/\/www.appon.cloud\/cs\/wp-json\/wp\/v2\/media?parent=495"}],"wp:term":[{"taxonomy":"application_category","embeddable":true,"href":"https:\/\/www.appon.cloud\/cs\/wp-json\/wp\/v2\/application_category?post=495"}],"curies":[{"name":"wp","href":"https:\/\/api.w.org\/{rel}","templated":true}]}}