{"id":733,"date":"2025-08-22T13:32:29","date_gmt":"2025-08-22T11:32:29","guid":{"rendered":"https:\/\/appon.test.youngmedia.dev\/?page_id=733"},"modified":"2025-08-22T14:28:13","modified_gmt":"2025-08-22T12:28:13","slug":"appon-cloud-premium","status":"publish","type":"page","link":"https:\/\/www.appon.cloud\/cs\/appon-cloud-premium\/","title":{"rendered":"AppOn.cloud Premium"},"content":{"rendered":"\n<p>Slu\u017eba AppOn.Cloud Premium je tu pro ty, kte\u0159\u00ed od sv\u00e9ho hostingu vy\u017eaduj\u00ed to absolutn\u011b nejlep\u0161\u00ed, co jim m\u016f\u017ee nab\u00eddnout. A\u0165 u\u017e se jedn\u00e1 o v\u00fdkon, bezpe\u010dnost dat, z\u00e1lohov\u00e1n\u00ed, tak mo\u017enosti roz\u0161\u00ed\u0159en\u00fdch konzultac\u00ed.<\/p>\n\n\n\n<div style=\"height:50px\" aria-hidden=\"true\" class=\"wp-block-spacer\"><\/div>\n\n\n\n<h3 class=\"wp-block-heading\">Pro\u010d pou\u017e\u00edvat AppOn.cloud Premium?<\/h3>\n\n\n\n<div style=\"height:50px\" aria-hidden=\"true\" class=\"wp-block-spacer\"><\/div>\n\n\n\n<div class=\"wp-block-group gold-grid is-layout-grid wp-container-core-group-is-layout-988b637e wp-block-group-is-layout-grid\">\n<div class=\"wp-block-group is-vertical is-layout-flex wp-container-core-group-is-layout-fe9cc265 wp-block-group-is-layout-flex\">\n<h3 class=\"wp-block-heading\">V\u00edce v\u00fdkonu<\/h3>\n\n\n\n<p>Klienti AppOn.cloud Premium maj\u00ed vylep\u0161en\u00e9 parametry server\u016f, na kter\u00fdch aplikace b\u011b\u017e\u00ed.<\/p>\n<\/div>\n\n\n\n<div class=\"wp-block-group is-vertical is-layout-flex wp-container-core-group-is-layout-fe9cc265 wp-block-group-is-layout-flex\">\n<h3 class=\"wp-block-heading\">V\u00edce podpory<\/h3>\n\n\n\n<p>Klienti AppOn.cloud Premium maj\u00ed dedikovan\u00e9 telefonn\u00ed \u010d\u00edslo pro rychlej\u0161\u00ed odbaven\u00ed a nav\u00edc zkr\u00e1cenou reak\u010dn\u00ed dobu technik\u016f. Mo\u017enost zakoupit support v re\u017eimu 24\/7.<\/p>\n<\/div>\n\n\n\n<div class=\"wp-block-group is-vertical is-layout-flex wp-container-core-group-is-layout-fe9cc265 wp-block-group-is-layout-flex\">\n<h3 class=\"wp-block-heading\">V\u00edce zv\u00fdhodn\u011bn\u00ed<\/h3>\n\n\n\n<p>Klienti AppOn.cloud Premium maj\u00ed levn\u011bj\u0161\u00ed dopl\u0148kov\u00e9 slu\u017eby (Microsoft 365, Antivirus, Webhosting atd.).<\/p>\n<\/div>\n\n\n\n<div class=\"wp-block-group wp-container-content-2155ee95 is-vertical is-layout-flex wp-container-core-group-is-layout-fe9cc265 wp-block-group-is-layout-flex\">\n<h3 class=\"wp-block-heading\">V\u00edce jistoty<\/h3>\n\n\n\n<p>V p\u0159\u00edpad\u011b probl\u00e9mu maj\u00ed klienti AppOn.cloud Premium n\u00e1rok na v\u011bt\u0161\u00ed pln\u011bn\u00ed ze strany poskytovatele v p\u0159\u00edpad\u011b nedostupnosti slu\u017eby.<\/p>\n<\/div>\n\n\n\n<div class=\"wp-block-group is-vertical is-layout-flex wp-container-core-group-is-layout-fe9cc265 wp-block-group-is-layout-flex\">\n<h3 class=\"wp-block-heading\">V\u00edce bezpe\u010dnosti<\/h3>\n\n\n\n<p>Klienti AppOn.cloud maj\u00ed k dispozici antivirov\u00fd syst\u00e9m ESET v cen\u011b slu\u017eby.<\/p>\n<\/div>\n\n\n\n<div class=\"wp-block-group is-vertical is-layout-flex wp-container-core-group-is-layout-fe9cc265 wp-block-group-is-layout-flex\">\n<h3 class=\"wp-block-heading\">V\u00edce pohodl\u00ed<\/h3>\n\n\n\n<p>V r\u00e1mci slu\u017eby m\u00e1te mo\u017enost s n\u00e1mi konzultovat i ostatn\u00ed IT problematiku, kter\u00e1 p\u0159\u00edmo nesouvis\u00ed s dod\u00e1vanou slu\u017ebou.<\/p>\n<\/div>\n\n\n\n<div class=\"wp-block-group is-vertical is-layout-flex wp-container-core-group-is-layout-fe9cc265 wp-block-group-is-layout-flex\">\n<h3 class=\"wp-block-heading\">V\u00edce komfortu<\/h3>\n\n\n\n<p>Zakl\u00e1d\u00e1n\u00ed, ru\u0161en\u00ed u\u017eivatel\u016f p\u0159\u00edmo v z\u00e1kaznick\u00e9m port\u00e1lu v re\u017eimu 24\/7. Bude dostupn\u00e9 od 1\/2025.<\/p>\n<\/div>\n\n\n\n<div class=\"wp-block-group is-vertical is-layout-flex wp-container-core-group-is-layout-fe9cc265 wp-block-group-is-layout-flex\">\n<h3 class=\"wp-block-heading\">V\u00edce volnosti<\/h3>\n\n\n\n<p>Splatnost faktur 1 m\u011bs\u00edc, mo\u017enost zasl\u00e1n\u00ed ti\u0161t\u011bn\u00e9 faktury.<\/p>\n<\/div>\n<\/div>\n\n\n\n<p><\/p>\n\n\n\n<p><\/p>\n","protected":false},"excerpt":{"rendered":"<p>Slu\u017eba AppOn.Cloud Premium je tu pro ty, kte\u0159\u00ed od sv\u00e9ho hostingu vy\u017eaduj\u00ed to absolutn\u011b nejlep\u0161\u00ed, co jim m\u016f\u017ee nab\u00eddnout. A\u0165 u\u017e se jedn\u00e1 o v\u00fdkon, bezpe\u010dnost dat, z\u00e1lohov\u00e1n\u00ed, tak mo\u017enosti roz\u0161\u00ed\u0159en\u00fdch konzultac\u00ed. Pro\u010d pou\u017e\u00edvat AppOn.cloud Premium? V\u00edce v\u00fdkonu Klienti AppOn.cloud Premium maj\u00ed vylep\u0161en\u00e9 parametry server\u016f, na kter\u00fdch aplikace b\u011b\u017e\u00ed. V\u00edce podpory Klienti AppOn.cloud Premium maj\u00ed [&hellip;]<\/p>\n","protected":false},"author":5,"featured_media":0,"parent":0,"menu_order":15,"comment_status":"closed","ping_status":"closed","template":"","meta":{"footnotes":""},"application_category":[],"class_list":["post-733","page","type-page","status-publish","hentry"],"yoast_head":"<!-- This site is optimized with the Yoast SEO plugin v27.2 - https:\/\/yoast.com\/product\/yoast-seo-wordpress\/ -->\n<title>AppOn.cloud Premium - AppOn.cloud<\/title>\n<meta name=\"robots\" content=\"index, follow, max-snippet:-1, max-image-preview:large, max-video-preview:-1\" \/>\n<link rel=\"canonical\" href=\"https:\/\/www.appon.cloud\/cs\/appon-cloud-premium\/\" \/>\n<meta property=\"og:locale\" content=\"cs_CZ\" \/>\n<meta property=\"og:type\" content=\"article\" \/>\n<meta property=\"og:title\" content=\"AppOn.cloud Premium - AppOn.cloud\" \/>\n<meta property=\"og:description\" content=\"Slu\u017eba AppOn.Cloud Premium je tu pro ty, kte\u0159\u00ed od sv\u00e9ho hostingu vy\u017eaduj\u00ed to absolutn\u011b nejlep\u0161\u00ed, co jim m\u016f\u017ee nab\u00eddnout. A\u0165 u\u017e se jedn\u00e1 o v\u00fdkon, bezpe\u010dnost dat, z\u00e1lohov\u00e1n\u00ed, tak mo\u017enosti roz\u0161\u00ed\u0159en\u00fdch konzultac\u00ed. Pro\u010d pou\u017e\u00edvat AppOn.cloud Premium? V\u00edce v\u00fdkonu Klienti AppOn.cloud Premium maj\u00ed vylep\u0161en\u00e9 parametry server\u016f, na kter\u00fdch aplikace b\u011b\u017e\u00ed. V\u00edce podpory Klienti AppOn.cloud Premium maj\u00ed [&hellip;]\" \/>\n<meta property=\"og:url\" content=\"https:\/\/www.appon.cloud\/cs\/appon-cloud-premium\/\" \/>\n<meta property=\"og:site_name\" content=\"AppOn.cloud\" \/>\n<meta property=\"article:modified_time\" content=\"2025-08-22T12:28:13+00:00\" \/>\n<meta property=\"og:image\" content=\"https:\/\/www.appon.cloud\/wp-content\/uploads\/2025\/11\/apponcloud-logo-1000x1000-001.jpg\" \/>\n\t<meta property=\"og:image:width\" content=\"1000\" \/>\n\t<meta property=\"og:image:height\" content=\"1000\" \/>\n\t<meta property=\"og:image:type\" content=\"image\/jpeg\" \/>\n<meta name=\"twitter:card\" content=\"summary_large_image\" \/>\n<meta name=\"twitter:label1\" content=\"Odhadovan\u00e1 doba \u010dten\u00ed\" \/>\n\t<meta name=\"twitter:data1\" content=\"1 minuta\" \/>\n<script type=\"application\/ld+json\" class=\"yoast-schema-graph\">{\"@context\":\"https:\/\/schema.org\",\"@graph\":[{\"@type\":\"WebPage\",\"@id\":\"https:\/\/www.appon.cloud\/cs\/appon-cloud-premium\/\",\"url\":\"https:\/\/www.appon.cloud\/cs\/appon-cloud-premium\/\",\"name\":\"AppOn.cloud Premium - AppOn.cloud\",\"isPartOf\":{\"@id\":\"https:\/\/www.appon.cloud\/cs\/#website\"},\"datePublished\":\"2025-08-22T11:32:29+00:00\",\"dateModified\":\"2025-08-22T12:28:13+00:00\",\"breadcrumb\":{\"@id\":\"https:\/\/www.appon.cloud\/cs\/appon-cloud-premium\/#breadcrumb\"},\"inLanguage\":\"cs\",\"potentialAction\":[{\"@type\":\"ReadAction\",\"target\":[\"https:\/\/www.appon.cloud\/cs\/appon-cloud-premium\/\"]}]},{\"@type\":\"BreadcrumbList\",\"@id\":\"https:\/\/www.appon.cloud\/cs\/appon-cloud-premium\/#breadcrumb\",\"itemListElement\":[{\"@type\":\"ListItem\",\"position\":1,\"name\":\"Dom\u016f\",\"item\":\"https:\/\/www.appon.cloud\/cs\/\"},{\"@type\":\"ListItem\",\"position\":2,\"name\":\"AppOn.cloud Premium\"}]},{\"@type\":\"WebSite\",\"@id\":\"https:\/\/www.appon.cloud\/cs\/#website\",\"url\":\"https:\/\/www.appon.cloud\/cs\/\",\"name\":\"AppOn.Cloud - cloud, kter\u00fd se p\u0159izp\u016fsob\u00ed v\u00e1m\",\"description\":\"\u010cesk\u00fd cloud, kter\u00fd se p\u0159izp\u016fsob\u00ed va\u0161emu podnik\u00e1n\u00ed\",\"publisher\":{\"@id\":\"https:\/\/www.appon.cloud\/cs\/#organization\"},\"potentialAction\":[{\"@type\":\"SearchAction\",\"target\":{\"@type\":\"EntryPoint\",\"urlTemplate\":\"https:\/\/www.appon.cloud\/cs\/?s={search_term_string}\"},\"query-input\":{\"@type\":\"PropertyValueSpecification\",\"valueRequired\":true,\"valueName\":\"search_term_string\"}}],\"inLanguage\":\"cs\"},{\"@type\":\"Organization\",\"@id\":\"https:\/\/www.appon.cloud\/cs\/#organization\",\"name\":\"AppOn.Cloud - cloud, kter\u00fd se p\u0159izp\u016fsob\u00ed v\u00e1m\",\"url\":\"https:\/\/www.appon.cloud\/cs\/\",\"logo\":{\"@type\":\"ImageObject\",\"inLanguage\":\"cs\",\"@id\":\"https:\/\/www.appon.cloud\/cs\/#\/schema\/logo\/image\/\",\"url\":\"https:\/\/www.appon.cloud\/wp-content\/uploads\/2024\/04\/Apponcloud-logo.svg\",\"contentUrl\":\"https:\/\/www.appon.cloud\/wp-content\/uploads\/2024\/04\/Apponcloud-logo.svg\",\"width\":231,\"height\":43,\"caption\":\"AppOn.Cloud - cloud, kter\u00fd se p\u0159izp\u016fsob\u00ed v\u00e1m\"},\"image\":{\"@id\":\"https:\/\/www.appon.cloud\/cs\/#\/schema\/logo\/image\/\"}}]}<\/script>\n<!-- \/ Yoast SEO plugin. -->","yoast_head_json":{"title":"AppOn.cloud Premium - AppOn.cloud","robots":{"index":"index","follow":"follow","max-snippet":"max-snippet:-1","max-image-preview":"max-image-preview:large","max-video-preview":"max-video-preview:-1"},"canonical":"https:\/\/www.appon.cloud\/cs\/appon-cloud-premium\/","og_locale":"cs_CZ","og_type":"article","og_title":"AppOn.cloud Premium - AppOn.cloud","og_description":"Slu\u017eba AppOn.Cloud Premium je tu pro ty, kte\u0159\u00ed od sv\u00e9ho hostingu vy\u017eaduj\u00ed to absolutn\u011b nejlep\u0161\u00ed, co jim m\u016f\u017ee nab\u00eddnout. A\u0165 u\u017e se jedn\u00e1 o v\u00fdkon, bezpe\u010dnost dat, z\u00e1lohov\u00e1n\u00ed, tak mo\u017enosti roz\u0161\u00ed\u0159en\u00fdch konzultac\u00ed. Pro\u010d pou\u017e\u00edvat AppOn.cloud Premium? V\u00edce v\u00fdkonu Klienti AppOn.cloud Premium maj\u00ed vylep\u0161en\u00e9 parametry server\u016f, na kter\u00fdch aplikace b\u011b\u017e\u00ed. V\u00edce podpory Klienti AppOn.cloud Premium maj\u00ed [&hellip;]","og_url":"https:\/\/www.appon.cloud\/cs\/appon-cloud-premium\/","og_site_name":"AppOn.cloud","article_modified_time":"2025-08-22T12:28:13+00:00","og_image":[{"width":1000,"height":1000,"url":"https:\/\/www.appon.cloud\/wp-content\/uploads\/2025\/11\/apponcloud-logo-1000x1000-001.jpg","type":"image\/jpeg"}],"twitter_card":"summary_large_image","twitter_misc":{"Odhadovan\u00e1 doba \u010dten\u00ed":"1 minuta"},"schema":{"@context":"https:\/\/schema.org","@graph":[{"@type":"WebPage","@id":"https:\/\/www.appon.cloud\/cs\/appon-cloud-premium\/","url":"https:\/\/www.appon.cloud\/cs\/appon-cloud-premium\/","name":"AppOn.cloud Premium - AppOn.cloud","isPartOf":{"@id":"https:\/\/www.appon.cloud\/cs\/#website"},"datePublished":"2025-08-22T11:32:29+00:00","dateModified":"2025-08-22T12:28:13+00:00","breadcrumb":{"@id":"https:\/\/www.appon.cloud\/cs\/appon-cloud-premium\/#breadcrumb"},"inLanguage":"cs","potentialAction":[{"@type":"ReadAction","target":["https:\/\/www.appon.cloud\/cs\/appon-cloud-premium\/"]}]},{"@type":"BreadcrumbList","@id":"https:\/\/www.appon.cloud\/cs\/appon-cloud-premium\/#breadcrumb","itemListElement":[{"@type":"ListItem","position":1,"name":"Dom\u016f","item":"https:\/\/www.appon.cloud\/cs\/"},{"@type":"ListItem","position":2,"name":"AppOn.cloud Premium"}]},{"@type":"WebSite","@id":"https:\/\/www.appon.cloud\/cs\/#website","url":"https:\/\/www.appon.cloud\/cs\/","name":"AppOn.Cloud - cloud, kter\u00fd se p\u0159izp\u016fsob\u00ed v\u00e1m","description":"\u010cesk\u00fd cloud, kter\u00fd se p\u0159izp\u016fsob\u00ed va\u0161emu podnik\u00e1n\u00ed","publisher":{"@id":"https:\/\/www.appon.cloud\/cs\/#organization"},"potentialAction":[{"@type":"SearchAction","target":{"@type":"EntryPoint","urlTemplate":"https:\/\/www.appon.cloud\/cs\/?s={search_term_string}"},"query-input":{"@type":"PropertyValueSpecification","valueRequired":true,"valueName":"search_term_string"}}],"inLanguage":"cs"},{"@type":"Organization","@id":"https:\/\/www.appon.cloud\/cs\/#organization","name":"AppOn.Cloud - cloud, kter\u00fd se p\u0159izp\u016fsob\u00ed v\u00e1m","url":"https:\/\/www.appon.cloud\/cs\/","logo":{"@type":"ImageObject","inLanguage":"cs","@id":"https:\/\/www.appon.cloud\/cs\/#\/schema\/logo\/image\/","url":"https:\/\/www.appon.cloud\/wp-content\/uploads\/2024\/04\/Apponcloud-logo.svg","contentUrl":"https:\/\/www.appon.cloud\/wp-content\/uploads\/2024\/04\/Apponcloud-logo.svg","width":231,"height":43,"caption":"AppOn.Cloud - cloud, kter\u00fd se p\u0159izp\u016fsob\u00ed v\u00e1m"},"image":{"@id":"https:\/\/www.appon.cloud\/cs\/#\/schema\/logo\/image\/"}}]}},"_links":{"self":[{"href":"https:\/\/www.appon.cloud\/cs\/wp-json\/wp\/v2\/pages\/733","targetHints":{"allow":["GET"]}}],"collection":[{"href":"https:\/\/www.appon.cloud\/cs\/wp-json\/wp\/v2\/pages"}],"about":[{"href":"https:\/\/www.appon.cloud\/cs\/wp-json\/wp\/v2\/types\/page"}],"author":[{"embeddable":true,"href":"https:\/\/www.appon.cloud\/cs\/wp-json\/wp\/v2\/users\/5"}],"replies":[{"embeddable":true,"href":"https:\/\/www.appon.cloud\/cs\/wp-json\/wp\/v2\/comments?post=733"}],"version-history":[{"count":5,"href":"https:\/\/www.appon.cloud\/cs\/wp-json\/wp\/v2\/pages\/733\/revisions"}],"predecessor-version":[{"id":757,"href":"https:\/\/www.appon.cloud\/cs\/wp-json\/wp\/v2\/pages\/733\/revisions\/757"}],"wp:attachment":[{"href":"https:\/\/www.appon.cloud\/cs\/wp-json\/wp\/v2\/media?parent=733"}],"wp:term":[{"taxonomy":"application_category","embeddable":true,"href":"https:\/\/www.appon.cloud\/cs\/wp-json\/wp\/v2\/application_category?post=733"}],"curies":[{"name":"wp","href":"https:\/\/api.w.org\/{rel}","templated":true}]}}